{"id":991,"date":"2024-03-26T19:46:13","date_gmt":"2024-03-26T19:46:13","guid":{"rendered":"https:\/\/anakarisen.com\/?post_type=product&#038;p=991"},"modified":"2024-06-01T01:10:26","modified_gmt":"2024-06-01T01:10:26","slug":"cotizaciones","status":"publish","type":"product","link":"https:\/\/www.apolonce.com\/portalapolonce\/wordpress\/cotizaciones","title":{"rendered":"Cotizaciones"},"content":{"rendered":"<div class=\"wpb-content-wrapper\"><p>[vc_row][vc_column width=&#8221;1\/2&#8243;][vc_column_text css_animation=&#8221;fadeInDown&#8221;]<\/p>\n<h2>Cotizaci\u00f3n<\/h2>\n<p>[\/vc_column_text][vc_column_text]Dentro del menu: &#8220;Tienda \/ cotizaciones&#8221; Obtiene un sistema completo para generar cotizaciones, enviar correos de la cotizacion, generacion de pdfs, texto preguardado para cotizaciones r\u00e1pidas, puede enviar la cotizacion para generar la venta. [\/vc_column_text][\/vc_column][vc_column width=&#8221;1\/2&#8243;][\/vc_column][\/vc_row]<\/p>\n<\/div>","protected":false},"excerpt":{"rendered":"<p>Soluci\u00f3n integral que permite a las empresas generar cotizaciones de productos de forma r\u00e1pida y sencilla, enviar estas cotizaciones por correo electr\u00f3nico a los clientes, facilita la transici\u00f3n hacia el proceso de venta, permitiendo enviar a la caja para su procesamiento.<\/p>\n","protected":false},"featured_media":1029,"template":"","meta":[],"product_brand":[],"product_cat":[28],"product_tag":[],"class_list":{"0":"post-991","1":"product","2":"type-product","3":"status-publish","4":"has-post-thumbnail","6":"product_cat-tienda-fisica","8":"first","9":"instock","10":"shipping-taxable","11":"purchasable","12":"product-type-variable","13":"thumb-no-effect","14":"prod-rating-off"},"yoast_head":"<!-- This site is optimized with the Yoast SEO plugin v27.3 - https:\/\/yoast.com\/product\/yoast-seo-wordpress\/ -->\n<title>Cotizaciones - Apolonce<\/title>\n<meta name=\"robots\" content=\"index, follow, max-snippet:-1, max-image-preview:large, max-video-preview:-1\" \/>\n<link rel=\"canonical\" href=\"https:\/\/www.apolonce.com\/portalapolonce\/wordpress\/cotizaciones\" \/>\n<meta property=\"og:locale\" content=\"en_US\" \/>\n<meta property=\"og:type\" content=\"article\" \/>\n<meta property=\"og:title\" content=\"Cotizaciones - Apolonce\" \/>\n<meta property=\"og:description\" content=\"Soluci\u00f3n integral que permite a las empresas generar cotizaciones de productos de forma r\u00e1pida y sencilla, enviar estas cotizaciones por correo electr\u00f3nico a los clientes, facilita la transici\u00f3n hacia el proceso de venta, permitiendo enviar a la caja para su procesamiento.\" \/>\n<meta property=\"og:url\" content=\"https:\/\/www.apolonce.com\/portalapolonce\/wordpress\/cotizaciones\" \/>\n<meta property=\"og:site_name\" content=\"Apolonce\" \/>\n<meta property=\"article:modified_time\" content=\"2024-06-01T01:10:26+00:00\" \/>\n<meta name=\"twitter:card\" content=\"summary_large_image\" \/>\n<meta name=\"twitter:label1\" content=\"Est. reading time\" \/>\n\t<meta name=\"twitter:data1\" content=\"1 minute\" \/>\n<script type=\"application\/ld+json\" class=\"yoast-schema-graph\">{\"@context\":\"https:\\\/\\\/schema.org\",\"@graph\":[{\"@type\":\"WebPage\",\"@id\":\"https:\\\/\\\/www.apolonce.com\\\/portalapolonce\\\/wordpress\\\/cotizaciones\",\"url\":\"https:\\\/\\\/www.apolonce.com\\\/portalapolonce\\\/wordpress\\\/cotizaciones\",\"name\":\"Cotizaciones - Apolonce\",\"isPartOf\":{\"@id\":\"https:\\\/\\\/www.apolonce.com\\\/portalapolonce\\\/wordpress\\\/#website\"},\"primaryImageOfPage\":{\"@id\":\"https:\\\/\\\/www.apolonce.com\\\/portalapolonce\\\/wordpress\\\/cotizaciones#primaryimage\"},\"image\":{\"@id\":\"https:\\\/\\\/www.apolonce.com\\\/portalapolonce\\\/wordpress\\\/cotizaciones#primaryimage\"},\"thumbnailUrl\":\"https:\\\/\\\/www.apolonce.com\\\/portalapolonce\\\/wordpress\\\/wp-content\\\/uploads\\\/2024\\\/03\\\/Cotizacion.svg\",\"datePublished\":\"2024-03-26T19:46:13+00:00\",\"dateModified\":\"2024-06-01T01:10:26+00:00\",\"breadcrumb\":{\"@id\":\"https:\\\/\\\/www.apolonce.com\\\/portalapolonce\\\/wordpress\\\/cotizaciones#breadcrumb\"},\"inLanguage\":\"en-US\",\"potentialAction\":[{\"@type\":\"ReadAction\",\"target\":[\"https:\\\/\\\/www.apolonce.com\\\/portalapolonce\\\/wordpress\\\/cotizaciones\"]}]},{\"@type\":\"ImageObject\",\"inLanguage\":\"en-US\",\"@id\":\"https:\\\/\\\/www.apolonce.com\\\/portalapolonce\\\/wordpress\\\/cotizaciones#primaryimage\",\"url\":\"https:\\\/\\\/www.apolonce.com\\\/portalapolonce\\\/wordpress\\\/wp-content\\\/uploads\\\/2024\\\/03\\\/Cotizacion.svg\",\"contentUrl\":\"https:\\\/\\\/www.apolonce.com\\\/portalapolonce\\\/wordpress\\\/wp-content\\\/uploads\\\/2024\\\/03\\\/Cotizacion.svg\",\"width\":600,\"height\":600,\"caption\":\"Plugin que permite a las empresas generar cotizaciones de productos de forma r\u00e1pida y sencilla, enviar estas cotizaciones por correo electr\u00f3nico a los clientes\"},{\"@type\":\"BreadcrumbList\",\"@id\":\"https:\\\/\\\/www.apolonce.com\\\/portalapolonce\\\/wordpress\\\/cotizaciones#breadcrumb\",\"itemListElement\":[{\"@type\":\"ListItem\",\"position\":1,\"name\":\"Home\",\"item\":\"https:\\\/\\\/www.apolonce.com\\\/portalapolonce\\\/wordpress\\\/\"},{\"@type\":\"ListItem\",\"position\":2,\"name\":\"Plugins Apolonce\",\"item\":\"https:\\\/\\\/www.apolonce.com\\\/portalapolonce\\\/wordpress\\\/plugins-apolonce\"},{\"@type\":\"ListItem\",\"position\":3,\"name\":\"Cotizaciones\"}]},{\"@type\":\"WebSite\",\"@id\":\"https:\\\/\\\/www.apolonce.com\\\/portalapolonce\\\/wordpress\\\/#website\",\"url\":\"https:\\\/\\\/www.apolonce.com\\\/portalapolonce\\\/wordpress\\\/\",\"name\":\"Apolonce\",\"description\":\"Plataforma para vender m&aacute;s y mejor en Mercado Libre.\",\"potentialAction\":[{\"@type\":\"SearchAction\",\"target\":{\"@type\":\"EntryPoint\",\"urlTemplate\":\"https:\\\/\\\/www.apolonce.com\\\/portalapolonce\\\/wordpress\\\/?s={search_term_string}\"},\"query-input\":{\"@type\":\"PropertyValueSpecification\",\"valueRequired\":true,\"valueName\":\"search_term_string\"}}],\"inLanguage\":\"en-US\"}]}<\/script>\n<!-- \/ Yoast SEO plugin. -->","yoast_head_json":{"title":"Cotizaciones - Apolonce","robots":{"index":"index","follow":"follow","max-snippet":"max-snippet:-1","max-image-preview":"max-image-preview:large","max-video-preview":"max-video-preview:-1"},"canonical":"https:\/\/www.apolonce.com\/portalapolonce\/wordpress\/cotizaciones","og_locale":"en_US","og_type":"article","og_title":"Cotizaciones - Apolonce","og_description":"Soluci\u00f3n integral que permite a las empresas generar cotizaciones de productos de forma r\u00e1pida y sencilla, enviar estas cotizaciones por correo electr\u00f3nico a los clientes, facilita la transici\u00f3n hacia el proceso de venta, permitiendo enviar a la caja para su procesamiento.","og_url":"https:\/\/www.apolonce.com\/portalapolonce\/wordpress\/cotizaciones","og_site_name":"Apolonce","article_modified_time":"2024-06-01T01:10:26+00:00","twitter_card":"summary_large_image","twitter_misc":{"Est. reading time":"1 minute"},"schema":{"@context":"https:\/\/schema.org","@graph":[{"@type":"WebPage","@id":"https:\/\/www.apolonce.com\/portalapolonce\/wordpress\/cotizaciones","url":"https:\/\/www.apolonce.com\/portalapolonce\/wordpress\/cotizaciones","name":"Cotizaciones - Apolonce","isPartOf":{"@id":"https:\/\/www.apolonce.com\/portalapolonce\/wordpress\/#website"},"primaryImageOfPage":{"@id":"https:\/\/www.apolonce.com\/portalapolonce\/wordpress\/cotizaciones#primaryimage"},"image":{"@id":"https:\/\/www.apolonce.com\/portalapolonce\/wordpress\/cotizaciones#primaryimage"},"thumbnailUrl":"https:\/\/www.apolonce.com\/portalapolonce\/wordpress\/wp-content\/uploads\/2024\/03\/Cotizacion.svg","datePublished":"2024-03-26T19:46:13+00:00","dateModified":"2024-06-01T01:10:26+00:00","breadcrumb":{"@id":"https:\/\/www.apolonce.com\/portalapolonce\/wordpress\/cotizaciones#breadcrumb"},"inLanguage":"en-US","potentialAction":[{"@type":"ReadAction","target":["https:\/\/www.apolonce.com\/portalapolonce\/wordpress\/cotizaciones"]}]},{"@type":"ImageObject","inLanguage":"en-US","@id":"https:\/\/www.apolonce.com\/portalapolonce\/wordpress\/cotizaciones#primaryimage","url":"https:\/\/www.apolonce.com\/portalapolonce\/wordpress\/wp-content\/uploads\/2024\/03\/Cotizacion.svg","contentUrl":"https:\/\/www.apolonce.com\/portalapolonce\/wordpress\/wp-content\/uploads\/2024\/03\/Cotizacion.svg","width":600,"height":600,"caption":"Plugin que permite a las empresas generar cotizaciones de productos de forma r\u00e1pida y sencilla, enviar estas cotizaciones por correo electr\u00f3nico a los clientes"},{"@type":"BreadcrumbList","@id":"https:\/\/www.apolonce.com\/portalapolonce\/wordpress\/cotizaciones#breadcrumb","itemListElement":[{"@type":"ListItem","position":1,"name":"Home","item":"https:\/\/www.apolonce.com\/portalapolonce\/wordpress\/"},{"@type":"ListItem","position":2,"name":"Plugins Apolonce","item":"https:\/\/www.apolonce.com\/portalapolonce\/wordpress\/plugins-apolonce"},{"@type":"ListItem","position":3,"name":"Cotizaciones"}]},{"@type":"WebSite","@id":"https:\/\/www.apolonce.com\/portalapolonce\/wordpress\/#website","url":"https:\/\/www.apolonce.com\/portalapolonce\/wordpress\/","name":"Apolonce","description":"Plataforma para vender m&aacute;s y mejor en Mercado Libre.","potentialAction":[{"@type":"SearchAction","target":{"@type":"EntryPoint","urlTemplate":"https:\/\/www.apolonce.com\/portalapolonce\/wordpress\/?s={search_term_string}"},"query-input":{"@type":"PropertyValueSpecification","valueRequired":true,"valueName":"search_term_string"}}],"inLanguage":"en-US"}]}},"_links":{"self":[{"href":"https:\/\/www.apolonce.com\/portalapolonce\/wordpress\/wp-json\/wp\/v2\/product\/991","targetHints":{"allow":["GET"]}}],"collection":[{"href":"https:\/\/www.apolonce.com\/portalapolonce\/wordpress\/wp-json\/wp\/v2\/product"}],"about":[{"href":"https:\/\/www.apolonce.com\/portalapolonce\/wordpress\/wp-json\/wp\/v2\/types\/product"}],"wp:featuredmedia":[{"embeddable":true,"href":"https:\/\/www.apolonce.com\/portalapolonce\/wordpress\/wp-json\/wp\/v2\/media\/1029"}],"wp:attachment":[{"href":"https:\/\/www.apolonce.com\/portalapolonce\/wordpress\/wp-json\/wp\/v2\/media?parent=991"}],"wp:term":[{"taxonomy":"product_brand","embeddable":true,"href":"https:\/\/www.apolonce.com\/portalapolonce\/wordpress\/wp-json\/wp\/v2\/product_brand?post=991"},{"taxonomy":"product_cat","embeddable":true,"href":"https:\/\/www.apolonce.com\/portalapolonce\/wordpress\/wp-json\/wp\/v2\/product_cat?post=991"},{"taxonomy":"product_tag","embeddable":true,"href":"https:\/\/www.apolonce.com\/portalapolonce\/wordpress\/wp-json\/wp\/v2\/product_tag?post=991"}],"curies":[{"name":"wp","href":"https:\/\/api.w.org\/{rel}","templated":true}]}}