{"id":983,"date":"2024-03-25T18:30:28","date_gmt":"2024-03-25T18:30:28","guid":{"rendered":"https:\/\/anakarisen.com\/?post_type=product&#038;p=983"},"modified":"2024-05-14T00:43:42","modified_gmt":"2024-05-14T00:43:42","slug":"personaliza-tickets","status":"publish","type":"product","link":"https:\/\/www.apolonce.com\/portalapolonce\/wordpress\/personaliza-tickets","title":{"rendered":"Personaliza Tickets"},"content":{"rendered":"<div class=\"wpb-content-wrapper\"><p>[vc_row][vc_column width=&#8221;1\/2&#8243;][vc_column_text css_animation=&#8221;fadeInDown&#8221;]<\/p>\n<h2>Personaliza Tickets<\/h2>\n<p>[\/vc_column_text][vc_column_text]Dentro del menu: &#8220;Configuraciones \/ Tickets&#8221; Puede cambiar el texto del ticket, la cabecera y el final del ticket, tambien podemos agregar el logo de la empresa. Los tickets que puede actualizar son: Tienda, devoluci\u00f3n, cambios, mercado libre remisi\u00f3n, mercado libre fiscal, portal remisi\u00f3n, portal fiscal.<br \/>\n[\/vc_column_text][\/vc_column][vc_column width=&#8221;1\/2&#8243;][\/vc_column][\/vc_row]<\/p>\n<\/div>","protected":false},"excerpt":{"rendered":"<p>Un plugin para configurar los tickets generados en varios procesos, venta en tienda, mercado libre, portal web, cambios, devoluci\u00f3n, remision de mercado libre, ticket fiscal, y m\u00e1s, personaliza el logo, esencial para dar una experiencia eficiente a tus clientes.<\/p>\n","protected":false},"featured_media":1033,"template":"","meta":[],"product_brand":[],"product_cat":[28],"product_tag":[],"class_list":{"0":"post-983","1":"product","2":"type-product","3":"status-publish","4":"has-post-thumbnail","6":"product_cat-tienda-fisica","8":"first","9":"instock","10":"shipping-taxable","11":"purchasable","12":"product-type-variable","13":"thumb-no-effect","14":"prod-rating-off"},"yoast_head":"<!-- This site is optimized with the Yoast SEO plugin v27.3 - https:\/\/yoast.com\/product\/yoast-seo-wordpress\/ -->\n<title>Personaliza Tickets - Apolonce<\/title>\n<meta name=\"robots\" content=\"index, follow, max-snippet:-1, max-image-preview:large, max-video-preview:-1\" \/>\n<link rel=\"canonical\" href=\"https:\/\/www.apolonce.com\/portalapolonce\/wordpress\/personaliza-tickets\" \/>\n<meta property=\"og:locale\" content=\"en_US\" \/>\n<meta property=\"og:type\" content=\"article\" \/>\n<meta property=\"og:title\" content=\"Personaliza Tickets - Apolonce\" \/>\n<meta property=\"og:description\" content=\"Un plugin para configurar los tickets generados en varios procesos, venta en tienda, mercado libre, portal web, cambios, devoluci\u00f3n, remision de mercado libre, ticket fiscal, y m\u00e1s, personaliza el logo, esencial para dar una experiencia eficiente a tus clientes.\" \/>\n<meta property=\"og:url\" content=\"https:\/\/www.apolonce.com\/portalapolonce\/wordpress\/personaliza-tickets\" \/>\n<meta property=\"og:site_name\" content=\"Apolonce\" \/>\n<meta property=\"article:modified_time\" content=\"2024-05-14T00:43:42+00:00\" \/>\n<meta name=\"twitter:card\" content=\"summary_large_image\" \/>\n<meta name=\"twitter:label1\" content=\"Est. reading time\" \/>\n\t<meta name=\"twitter:data1\" content=\"1 minute\" \/>\n<script type=\"application\/ld+json\" class=\"yoast-schema-graph\">{\"@context\":\"https:\\\/\\\/schema.org\",\"@graph\":[{\"@type\":\"WebPage\",\"@id\":\"https:\\\/\\\/www.apolonce.com\\\/portalapolonce\\\/wordpress\\\/personaliza-tickets\",\"url\":\"https:\\\/\\\/www.apolonce.com\\\/portalapolonce\\\/wordpress\\\/personaliza-tickets\",\"name\":\"Personaliza Tickets - Apolonce\",\"isPartOf\":{\"@id\":\"https:\\\/\\\/www.apolonce.com\\\/portalapolonce\\\/wordpress\\\/#website\"},\"primaryImageOfPage\":{\"@id\":\"https:\\\/\\\/www.apolonce.com\\\/portalapolonce\\\/wordpress\\\/personaliza-tickets#primaryimage\"},\"image\":{\"@id\":\"https:\\\/\\\/www.apolonce.com\\\/portalapolonce\\\/wordpress\\\/personaliza-tickets#primaryimage\"},\"thumbnailUrl\":\"https:\\\/\\\/www.apolonce.com\\\/portalapolonce\\\/wordpress\\\/wp-content\\\/uploads\\\/2024\\\/03\\\/Personaliza-Tickets.svg\",\"datePublished\":\"2024-03-25T18:30:28+00:00\",\"dateModified\":\"2024-05-14T00:43:42+00:00\",\"breadcrumb\":{\"@id\":\"https:\\\/\\\/www.apolonce.com\\\/portalapolonce\\\/wordpress\\\/personaliza-tickets#breadcrumb\"},\"inLanguage\":\"en-US\",\"potentialAction\":[{\"@type\":\"ReadAction\",\"target\":[\"https:\\\/\\\/www.apolonce.com\\\/portalapolonce\\\/wordpress\\\/personaliza-tickets\"]}]},{\"@type\":\"ImageObject\",\"inLanguage\":\"en-US\",\"@id\":\"https:\\\/\\\/www.apolonce.com\\\/portalapolonce\\\/wordpress\\\/personaliza-tickets#primaryimage\",\"url\":\"https:\\\/\\\/www.apolonce.com\\\/portalapolonce\\\/wordpress\\\/wp-content\\\/uploads\\\/2024\\\/03\\\/Personaliza-Tickets.svg\",\"contentUrl\":\"https:\\\/\\\/www.apolonce.com\\\/portalapolonce\\\/wordpress\\\/wp-content\\\/uploads\\\/2024\\\/03\\\/Personaliza-Tickets.svg\",\"width\":600,\"height\":600,\"caption\":\"Plugin para configurar los tickets generados en varios procesos, venta en tienda, mercado libre, portal web, cambios, devoluci\u00f3n, remision de mercado libre, ticket fiscal, y m\u00e1s.\"},{\"@type\":\"BreadcrumbList\",\"@id\":\"https:\\\/\\\/www.apolonce.com\\\/portalapolonce\\\/wordpress\\\/personaliza-tickets#breadcrumb\",\"itemListElement\":[{\"@type\":\"ListItem\",\"position\":1,\"name\":\"Home\",\"item\":\"https:\\\/\\\/www.apolonce.com\\\/portalapolonce\\\/wordpress\\\/\"},{\"@type\":\"ListItem\",\"position\":2,\"name\":\"Plugins Apolonce\",\"item\":\"https:\\\/\\\/www.apolonce.com\\\/portalapolonce\\\/wordpress\\\/plugins-apolonce\"},{\"@type\":\"ListItem\",\"position\":3,\"name\":\"Personaliza Tickets\"}]},{\"@type\":\"WebSite\",\"@id\":\"https:\\\/\\\/www.apolonce.com\\\/portalapolonce\\\/wordpress\\\/#website\",\"url\":\"https:\\\/\\\/www.apolonce.com\\\/portalapolonce\\\/wordpress\\\/\",\"name\":\"Apolonce\",\"description\":\"Plataforma para vender m&aacute;s y mejor en Mercado Libre.\",\"potentialAction\":[{\"@type\":\"SearchAction\",\"target\":{\"@type\":\"EntryPoint\",\"urlTemplate\":\"https:\\\/\\\/www.apolonce.com\\\/portalapolonce\\\/wordpress\\\/?s={search_term_string}\"},\"query-input\":{\"@type\":\"PropertyValueSpecification\",\"valueRequired\":true,\"valueName\":\"search_term_string\"}}],\"inLanguage\":\"en-US\"}]}<\/script>\n<!-- \/ Yoast SEO plugin. -->","yoast_head_json":{"title":"Personaliza Tickets - Apolonce","robots":{"index":"index","follow":"follow","max-snippet":"max-snippet:-1","max-image-preview":"max-image-preview:large","max-video-preview":"max-video-preview:-1"},"canonical":"https:\/\/www.apolonce.com\/portalapolonce\/wordpress\/personaliza-tickets","og_locale":"en_US","og_type":"article","og_title":"Personaliza Tickets - Apolonce","og_description":"Un plugin para configurar los tickets generados en varios procesos, venta en tienda, mercado libre, portal web, cambios, devoluci\u00f3n, remision de mercado libre, ticket fiscal, y m\u00e1s, personaliza el logo, esencial para dar una experiencia eficiente a tus clientes.","og_url":"https:\/\/www.apolonce.com\/portalapolonce\/wordpress\/personaliza-tickets","og_site_name":"Apolonce","article_modified_time":"2024-05-14T00:43:42+00:00","twitter_card":"summary_large_image","twitter_misc":{"Est. reading time":"1 minute"},"schema":{"@context":"https:\/\/schema.org","@graph":[{"@type":"WebPage","@id":"https:\/\/www.apolonce.com\/portalapolonce\/wordpress\/personaliza-tickets","url":"https:\/\/www.apolonce.com\/portalapolonce\/wordpress\/personaliza-tickets","name":"Personaliza Tickets - Apolonce","isPartOf":{"@id":"https:\/\/www.apolonce.com\/portalapolonce\/wordpress\/#website"},"primaryImageOfPage":{"@id":"https:\/\/www.apolonce.com\/portalapolonce\/wordpress\/personaliza-tickets#primaryimage"},"image":{"@id":"https:\/\/www.apolonce.com\/portalapolonce\/wordpress\/personaliza-tickets#primaryimage"},"thumbnailUrl":"https:\/\/www.apolonce.com\/portalapolonce\/wordpress\/wp-content\/uploads\/2024\/03\/Personaliza-Tickets.svg","datePublished":"2024-03-25T18:30:28+00:00","dateModified":"2024-05-14T00:43:42+00:00","breadcrumb":{"@id":"https:\/\/www.apolonce.com\/portalapolonce\/wordpress\/personaliza-tickets#breadcrumb"},"inLanguage":"en-US","potentialAction":[{"@type":"ReadAction","target":["https:\/\/www.apolonce.com\/portalapolonce\/wordpress\/personaliza-tickets"]}]},{"@type":"ImageObject","inLanguage":"en-US","@id":"https:\/\/www.apolonce.com\/portalapolonce\/wordpress\/personaliza-tickets#primaryimage","url":"https:\/\/www.apolonce.com\/portalapolonce\/wordpress\/wp-content\/uploads\/2024\/03\/Personaliza-Tickets.svg","contentUrl":"https:\/\/www.apolonce.com\/portalapolonce\/wordpress\/wp-content\/uploads\/2024\/03\/Personaliza-Tickets.svg","width":600,"height":600,"caption":"Plugin para configurar los tickets generados en varios procesos, venta en tienda, mercado libre, portal web, cambios, devoluci\u00f3n, remision de mercado libre, ticket fiscal, y m\u00e1s."},{"@type":"BreadcrumbList","@id":"https:\/\/www.apolonce.com\/portalapolonce\/wordpress\/personaliza-tickets#breadcrumb","itemListElement":[{"@type":"ListItem","position":1,"name":"Home","item":"https:\/\/www.apolonce.com\/portalapolonce\/wordpress\/"},{"@type":"ListItem","position":2,"name":"Plugins Apolonce","item":"https:\/\/www.apolonce.com\/portalapolonce\/wordpress\/plugins-apolonce"},{"@type":"ListItem","position":3,"name":"Personaliza Tickets"}]},{"@type":"WebSite","@id":"https:\/\/www.apolonce.com\/portalapolonce\/wordpress\/#website","url":"https:\/\/www.apolonce.com\/portalapolonce\/wordpress\/","name":"Apolonce","description":"Plataforma para vender m&aacute;s y mejor en Mercado Libre.","potentialAction":[{"@type":"SearchAction","target":{"@type":"EntryPoint","urlTemplate":"https:\/\/www.apolonce.com\/portalapolonce\/wordpress\/?s={search_term_string}"},"query-input":{"@type":"PropertyValueSpecification","valueRequired":true,"valueName":"search_term_string"}}],"inLanguage":"en-US"}]}},"_links":{"self":[{"href":"https:\/\/www.apolonce.com\/portalapolonce\/wordpress\/wp-json\/wp\/v2\/product\/983","targetHints":{"allow":["GET"]}}],"collection":[{"href":"https:\/\/www.apolonce.com\/portalapolonce\/wordpress\/wp-json\/wp\/v2\/product"}],"about":[{"href":"https:\/\/www.apolonce.com\/portalapolonce\/wordpress\/wp-json\/wp\/v2\/types\/product"}],"wp:featuredmedia":[{"embeddable":true,"href":"https:\/\/www.apolonce.com\/portalapolonce\/wordpress\/wp-json\/wp\/v2\/media\/1033"}],"wp:attachment":[{"href":"https:\/\/www.apolonce.com\/portalapolonce\/wordpress\/wp-json\/wp\/v2\/media?parent=983"}],"wp:term":[{"taxonomy":"product_brand","embeddable":true,"href":"https:\/\/www.apolonce.com\/portalapolonce\/wordpress\/wp-json\/wp\/v2\/product_brand?post=983"},{"taxonomy":"product_cat","embeddable":true,"href":"https:\/\/www.apolonce.com\/portalapolonce\/wordpress\/wp-json\/wp\/v2\/product_cat?post=983"},{"taxonomy":"product_tag","embeddable":true,"href":"https:\/\/www.apolonce.com\/portalapolonce\/wordpress\/wp-json\/wp\/v2\/product_tag?post=983"}],"curies":[{"name":"wp","href":"https:\/\/api.w.org\/{rel}","templated":true}]}}