{"id":981,"date":"2024-03-25T18:27:39","date_gmt":"2024-03-25T18:27:39","guid":{"rendered":"https:\/\/anakarisen.com\/?post_type=product&#038;p=981"},"modified":"2024-06-01T01:08:38","modified_gmt":"2024-06-01T01:08:38","slug":"compra","status":"publish","type":"product","link":"https:\/\/www.apolonce.com\/portalapolonce\/wordpress\/compra","title":{"rendered":"Compras"},"content":{"rendered":"<div class=\"wpb-content-wrapper\"><p>[vc_row][vc_column width=&#8221;1\/2&#8243;][vc_column_text css_animation=&#8221;fadeInDown&#8221;]<\/p>\n<h2>Solicitud de Compras<\/h2>\n<p>[\/vc_column_text][vc_column_text]Dentro del menu: &#8220;Compras \/ Alta&#8221; Puede ver las ordenes de compra pendientes por entregar, puede dar de alta una orden de compra, o editarla.<br \/>\n[\/vc_column_text][\/vc_column][vc_column width=&#8221;1\/2&#8243;][\/vc_column][\/vc_row][vc_row][vc_column width=&#8221;1\/2&#8243;][vc_column_text css_animation=&#8221;fadeInDown&#8221;]<\/p>\n<h2>Alta de Compra<\/h2>\n<p>[\/vc_column_text][vc_column_text]Alta de orden de compra.<br \/>\n[\/vc_column_text][\/vc_column][vc_column width=&#8221;1\/2&#8243;][\/vc_column][\/vc_row][vc_row][vc_column width=&#8221;1\/2&#8243;][vc_column_text css_animation=&#8221;fadeInDown&#8221;]<\/p>\n<h2>Alta de Proveedor<\/h2>\n<p>[\/vc_column_text][vc_column_text]Alta de proveedores[\/vc_column_text][\/vc_column][vc_column width=&#8221;1\/2&#8243;][\/vc_column][\/vc_row]<\/p>\n<\/div>","protected":false},"excerpt":{"rendered":"<p>Un plugin para generar \u00f3rdenes de compra y entregas de art\u00edculos de proveedores con el prop\u00f3sito de aumentar las existencias en una tienda f\u00edsica, en MercadoLibre y en un portal de WordPress es una herramienta fundamental para la gesti\u00f3n eficiente de inventario y la expansi\u00f3n del negocio.<\/p>\n","protected":false},"featured_media":1025,"template":"","meta":[],"product_brand":[],"product_cat":[28],"product_tag":[],"class_list":{"0":"post-981","1":"product","2":"type-product","3":"status-publish","4":"has-post-thumbnail","6":"product_cat-tienda-fisica","8":"first","9":"instock","10":"shipping-taxable","11":"purchasable","12":"product-type-variable","13":"thumb-no-effect","14":"prod-rating-off"},"yoast_head":"<!-- This site is optimized with the Yoast SEO plugin v27.3 - https:\/\/yoast.com\/product\/yoast-seo-wordpress\/ -->\n<title>Compras - Apolonce<\/title>\n<meta name=\"robots\" content=\"index, follow, max-snippet:-1, max-image-preview:large, max-video-preview:-1\" \/>\n<link rel=\"canonical\" href=\"https:\/\/www.apolonce.com\/portalapolonce\/wordpress\/compra\" \/>\n<meta property=\"og:locale\" content=\"en_US\" \/>\n<meta property=\"og:type\" content=\"article\" \/>\n<meta property=\"og:title\" content=\"Compras - Apolonce\" \/>\n<meta property=\"og:description\" content=\"Un plugin para generar \u00f3rdenes de compra y entregas de art\u00edculos de proveedores con el prop\u00f3sito de aumentar las existencias en una tienda f\u00edsica, en MercadoLibre y en un portal de WordPress es una herramienta fundamental para la gesti\u00f3n eficiente de inventario y la expansi\u00f3n del negocio.\" \/>\n<meta property=\"og:url\" content=\"https:\/\/www.apolonce.com\/portalapolonce\/wordpress\/compra\" \/>\n<meta property=\"og:site_name\" content=\"Apolonce\" \/>\n<meta property=\"article:modified_time\" content=\"2024-06-01T01:08:38+00:00\" \/>\n<meta name=\"twitter:card\" content=\"summary_large_image\" \/>\n<meta name=\"twitter:label1\" content=\"Est. reading time\" \/>\n\t<meta name=\"twitter:data1\" content=\"1 minute\" \/>\n<script type=\"application\/ld+json\" class=\"yoast-schema-graph\">{\"@context\":\"https:\\\/\\\/schema.org\",\"@graph\":[{\"@type\":\"WebPage\",\"@id\":\"https:\\\/\\\/www.apolonce.com\\\/portalapolonce\\\/wordpress\\\/compra\",\"url\":\"https:\\\/\\\/www.apolonce.com\\\/portalapolonce\\\/wordpress\\\/compra\",\"name\":\"Compras - Apolonce\",\"isPartOf\":{\"@id\":\"https:\\\/\\\/www.apolonce.com\\\/portalapolonce\\\/wordpress\\\/#website\"},\"primaryImageOfPage\":{\"@id\":\"https:\\\/\\\/www.apolonce.com\\\/portalapolonce\\\/wordpress\\\/compra#primaryimage\"},\"image\":{\"@id\":\"https:\\\/\\\/www.apolonce.com\\\/portalapolonce\\\/wordpress\\\/compra#primaryimage\"},\"thumbnailUrl\":\"https:\\\/\\\/www.apolonce.com\\\/portalapolonce\\\/wordpress\\\/wp-content\\\/uploads\\\/2024\\\/03\\\/Compras.svg\",\"datePublished\":\"2024-03-25T18:27:39+00:00\",\"dateModified\":\"2024-06-01T01:08:38+00:00\",\"breadcrumb\":{\"@id\":\"https:\\\/\\\/www.apolonce.com\\\/portalapolonce\\\/wordpress\\\/compra#breadcrumb\"},\"inLanguage\":\"en-US\",\"potentialAction\":[{\"@type\":\"ReadAction\",\"target\":[\"https:\\\/\\\/www.apolonce.com\\\/portalapolonce\\\/wordpress\\\/compra\"]}]},{\"@type\":\"ImageObject\",\"inLanguage\":\"en-US\",\"@id\":\"https:\\\/\\\/www.apolonce.com\\\/portalapolonce\\\/wordpress\\\/compra#primaryimage\",\"url\":\"https:\\\/\\\/www.apolonce.com\\\/portalapolonce\\\/wordpress\\\/wp-content\\\/uploads\\\/2024\\\/03\\\/Compras.svg\",\"contentUrl\":\"https:\\\/\\\/www.apolonce.com\\\/portalapolonce\\\/wordpress\\\/wp-content\\\/uploads\\\/2024\\\/03\\\/Compras.svg\",\"width\":600,\"height\":600,\"caption\":\"Plugin para generar \u00f3rdenes de compra y entregas de art\u00edculos de proveedores.\"},{\"@type\":\"BreadcrumbList\",\"@id\":\"https:\\\/\\\/www.apolonce.com\\\/portalapolonce\\\/wordpress\\\/compra#breadcrumb\",\"itemListElement\":[{\"@type\":\"ListItem\",\"position\":1,\"name\":\"Home\",\"item\":\"https:\\\/\\\/www.apolonce.com\\\/portalapolonce\\\/wordpress\\\/\"},{\"@type\":\"ListItem\",\"position\":2,\"name\":\"Plugins Apolonce\",\"item\":\"https:\\\/\\\/www.apolonce.com\\\/portalapolonce\\\/wordpress\\\/plugins-apolonce\"},{\"@type\":\"ListItem\",\"position\":3,\"name\":\"Compras\"}]},{\"@type\":\"WebSite\",\"@id\":\"https:\\\/\\\/www.apolonce.com\\\/portalapolonce\\\/wordpress\\\/#website\",\"url\":\"https:\\\/\\\/www.apolonce.com\\\/portalapolonce\\\/wordpress\\\/\",\"name\":\"Apolonce\",\"description\":\"Plataforma para vender m&aacute;s y mejor en Mercado Libre.\",\"potentialAction\":[{\"@type\":\"SearchAction\",\"target\":{\"@type\":\"EntryPoint\",\"urlTemplate\":\"https:\\\/\\\/www.apolonce.com\\\/portalapolonce\\\/wordpress\\\/?s={search_term_string}\"},\"query-input\":{\"@type\":\"PropertyValueSpecification\",\"valueRequired\":true,\"valueName\":\"search_term_string\"}}],\"inLanguage\":\"en-US\"}]}<\/script>\n<!-- \/ Yoast SEO plugin. -->","yoast_head_json":{"title":"Compras - Apolonce","robots":{"index":"index","follow":"follow","max-snippet":"max-snippet:-1","max-image-preview":"max-image-preview:large","max-video-preview":"max-video-preview:-1"},"canonical":"https:\/\/www.apolonce.com\/portalapolonce\/wordpress\/compra","og_locale":"en_US","og_type":"article","og_title":"Compras - Apolonce","og_description":"Un plugin para generar \u00f3rdenes de compra y entregas de art\u00edculos de proveedores con el prop\u00f3sito de aumentar las existencias en una tienda f\u00edsica, en MercadoLibre y en un portal de WordPress es una herramienta fundamental para la gesti\u00f3n eficiente de inventario y la expansi\u00f3n del negocio.","og_url":"https:\/\/www.apolonce.com\/portalapolonce\/wordpress\/compra","og_site_name":"Apolonce","article_modified_time":"2024-06-01T01:08:38+00:00","twitter_card":"summary_large_image","twitter_misc":{"Est. reading time":"1 minute"},"schema":{"@context":"https:\/\/schema.org","@graph":[{"@type":"WebPage","@id":"https:\/\/www.apolonce.com\/portalapolonce\/wordpress\/compra","url":"https:\/\/www.apolonce.com\/portalapolonce\/wordpress\/compra","name":"Compras - Apolonce","isPartOf":{"@id":"https:\/\/www.apolonce.com\/portalapolonce\/wordpress\/#website"},"primaryImageOfPage":{"@id":"https:\/\/www.apolonce.com\/portalapolonce\/wordpress\/compra#primaryimage"},"image":{"@id":"https:\/\/www.apolonce.com\/portalapolonce\/wordpress\/compra#primaryimage"},"thumbnailUrl":"https:\/\/www.apolonce.com\/portalapolonce\/wordpress\/wp-content\/uploads\/2024\/03\/Compras.svg","datePublished":"2024-03-25T18:27:39+00:00","dateModified":"2024-06-01T01:08:38+00:00","breadcrumb":{"@id":"https:\/\/www.apolonce.com\/portalapolonce\/wordpress\/compra#breadcrumb"},"inLanguage":"en-US","potentialAction":[{"@type":"ReadAction","target":["https:\/\/www.apolonce.com\/portalapolonce\/wordpress\/compra"]}]},{"@type":"ImageObject","inLanguage":"en-US","@id":"https:\/\/www.apolonce.com\/portalapolonce\/wordpress\/compra#primaryimage","url":"https:\/\/www.apolonce.com\/portalapolonce\/wordpress\/wp-content\/uploads\/2024\/03\/Compras.svg","contentUrl":"https:\/\/www.apolonce.com\/portalapolonce\/wordpress\/wp-content\/uploads\/2024\/03\/Compras.svg","width":600,"height":600,"caption":"Plugin para generar \u00f3rdenes de compra y entregas de art\u00edculos de proveedores."},{"@type":"BreadcrumbList","@id":"https:\/\/www.apolonce.com\/portalapolonce\/wordpress\/compra#breadcrumb","itemListElement":[{"@type":"ListItem","position":1,"name":"Home","item":"https:\/\/www.apolonce.com\/portalapolonce\/wordpress\/"},{"@type":"ListItem","position":2,"name":"Plugins Apolonce","item":"https:\/\/www.apolonce.com\/portalapolonce\/wordpress\/plugins-apolonce"},{"@type":"ListItem","position":3,"name":"Compras"}]},{"@type":"WebSite","@id":"https:\/\/www.apolonce.com\/portalapolonce\/wordpress\/#website","url":"https:\/\/www.apolonce.com\/portalapolonce\/wordpress\/","name":"Apolonce","description":"Plataforma para vender m&aacute;s y mejor en Mercado Libre.","potentialAction":[{"@type":"SearchAction","target":{"@type":"EntryPoint","urlTemplate":"https:\/\/www.apolonce.com\/portalapolonce\/wordpress\/?s={search_term_string}"},"query-input":{"@type":"PropertyValueSpecification","valueRequired":true,"valueName":"search_term_string"}}],"inLanguage":"en-US"}]}},"_links":{"self":[{"href":"https:\/\/www.apolonce.com\/portalapolonce\/wordpress\/wp-json\/wp\/v2\/product\/981","targetHints":{"allow":["GET"]}}],"collection":[{"href":"https:\/\/www.apolonce.com\/portalapolonce\/wordpress\/wp-json\/wp\/v2\/product"}],"about":[{"href":"https:\/\/www.apolonce.com\/portalapolonce\/wordpress\/wp-json\/wp\/v2\/types\/product"}],"wp:featuredmedia":[{"embeddable":true,"href":"https:\/\/www.apolonce.com\/portalapolonce\/wordpress\/wp-json\/wp\/v2\/media\/1025"}],"wp:attachment":[{"href":"https:\/\/www.apolonce.com\/portalapolonce\/wordpress\/wp-json\/wp\/v2\/media?parent=981"}],"wp:term":[{"taxonomy":"product_brand","embeddable":true,"href":"https:\/\/www.apolonce.com\/portalapolonce\/wordpress\/wp-json\/wp\/v2\/product_brand?post=981"},{"taxonomy":"product_cat","embeddable":true,"href":"https:\/\/www.apolonce.com\/portalapolonce\/wordpress\/wp-json\/wp\/v2\/product_cat?post=981"},{"taxonomy":"product_tag","embeddable":true,"href":"https:\/\/www.apolonce.com\/portalapolonce\/wordpress\/wp-json\/wp\/v2\/product_tag?post=981"}],"curies":[{"name":"wp","href":"https:\/\/api.w.org\/{rel}","templated":true}]}}