{"id":971,"date":"2024-03-25T17:49:33","date_gmt":"2024-03-25T17:49:33","guid":{"rendered":"https:\/\/anakarisen.com\/?post_type=product&#038;p=971"},"modified":"2024-05-14T00:46:48","modified_gmt":"2024-05-14T00:46:48","slug":"sincronizar-articulos","status":"publish","type":"product","link":"https:\/\/www.apolonce.com\/portalapolonce\/wordpress\/sincronizar-articulos","title":{"rendered":"Sincronizar Art\u00edculos"},"content":{"rendered":"<div class=\"wpb-content-wrapper\"><p>[vc_row][vc_column width=&#8221;1\/2&#8243;][vc_column_text css_animation=&#8221;fadeInDown&#8221;]<\/p>\n<h2>Sincronizar art\u00edculos<\/h2>\n<p>[\/vc_column_text][vc_column_text]Dentro del menu: &#8220;Cat\u00e1logos \/ Art\u00edculos Mercado Libre&#8221; Cuando selecciona un art\u00edculo, en la descripci\u00f3n se encuentran varios datos informativos: Stock Mercado Libre, Stock Almac\u00e9n Sincronizado con Mercado Libre, Variantes de Mercado libre, Variantes de Sistema; esta informaci\u00f3n nos ayuda a revisar el stock del Almac\u00e9n y Mercado Libre.<br \/>\n[\/vc_column_text][\/vc_column][vc_column width=&#8221;1\/2&#8243;][\/vc_column][\/vc_row][vc_row][vc_column width=&#8221;1\/2&#8243;][vc_column_text]Para actualizar o sincronizar el art\u00edculo con sus variantes debe seleccionar la opci\u00f3n: Sincronizar sistema desde ML<br \/>\n[\/vc_column_text][\/vc_column][vc_column width=&#8221;1\/2&#8243;][\/vc_column][\/vc_row]<\/p>\n<\/div>","protected":false},"excerpt":{"rendered":"<p>Un plugin para actualizar autom\u00e1ticamente los art\u00edculos de Mercado Libre en el sistema de Apolonce, es una soluci\u00f3n esencial para los vendedores y comerciantes que desean gestionar eficazmente su inventario y mantener al d\u00eda las existencias y variantes de productos.<\/p>\n","protected":false},"featured_media":1056,"template":"","meta":[],"product_brand":[],"product_cat":[27],"product_tag":[],"class_list":{"0":"post-971","1":"product","2":"type-product","3":"status-publish","4":"has-post-thumbnail","6":"product_cat-mercado-libre","8":"first","9":"instock","10":"shipping-taxable","11":"purchasable","12":"product-type-variable","13":"thumb-no-effect","14":"prod-rating-off"},"yoast_head":"<!-- This site is optimized with the Yoast SEO plugin v27.3 - https:\/\/yoast.com\/product\/yoast-seo-wordpress\/ -->\n<title>Sincronizar Art\u00edculos - Apolonce<\/title>\n<meta name=\"robots\" content=\"index, follow, max-snippet:-1, max-image-preview:large, max-video-preview:-1\" \/>\n<link rel=\"canonical\" href=\"https:\/\/www.apolonce.com\/portalapolonce\/wordpress\/sincronizar-articulos\" \/>\n<meta property=\"og:locale\" content=\"en_US\" \/>\n<meta property=\"og:type\" content=\"article\" \/>\n<meta property=\"og:title\" content=\"Sincronizar Art\u00edculos - Apolonce\" \/>\n<meta property=\"og:description\" content=\"Un plugin para actualizar autom\u00e1ticamente los art\u00edculos de Mercado Libre en el sistema de Apolonce, es una soluci\u00f3n esencial para los vendedores y comerciantes que desean gestionar eficazmente su inventario y mantener al d\u00eda las existencias y variantes de productos.\" \/>\n<meta property=\"og:url\" content=\"https:\/\/www.apolonce.com\/portalapolonce\/wordpress\/sincronizar-articulos\" \/>\n<meta property=\"og:site_name\" content=\"Apolonce\" \/>\n<meta property=\"article:modified_time\" content=\"2024-05-14T00:46:48+00:00\" \/>\n<meta name=\"twitter:card\" content=\"summary_large_image\" \/>\n<meta name=\"twitter:label1\" content=\"Est. reading time\" \/>\n\t<meta name=\"twitter:data1\" content=\"1 minute\" \/>\n<script type=\"application\/ld+json\" class=\"yoast-schema-graph\">{\"@context\":\"https:\\\/\\\/schema.org\",\"@graph\":[{\"@type\":\"WebPage\",\"@id\":\"https:\\\/\\\/www.apolonce.com\\\/portalapolonce\\\/wordpress\\\/sincronizar-articulos\",\"url\":\"https:\\\/\\\/www.apolonce.com\\\/portalapolonce\\\/wordpress\\\/sincronizar-articulos\",\"name\":\"Sincronizar Art\u00edculos - Apolonce\",\"isPartOf\":{\"@id\":\"https:\\\/\\\/www.apolonce.com\\\/portalapolonce\\\/wordpress\\\/#website\"},\"primaryImageOfPage\":{\"@id\":\"https:\\\/\\\/www.apolonce.com\\\/portalapolonce\\\/wordpress\\\/sincronizar-articulos#primaryimage\"},\"image\":{\"@id\":\"https:\\\/\\\/www.apolonce.com\\\/portalapolonce\\\/wordpress\\\/sincronizar-articulos#primaryimage\"},\"thumbnailUrl\":\"https:\\\/\\\/www.apolonce.com\\\/portalapolonce\\\/wordpress\\\/wp-content\\\/uploads\\\/2024\\\/03\\\/Sincronizar-Productos.svg\",\"datePublished\":\"2024-03-25T17:49:33+00:00\",\"dateModified\":\"2024-05-14T00:46:48+00:00\",\"breadcrumb\":{\"@id\":\"https:\\\/\\\/www.apolonce.com\\\/portalapolonce\\\/wordpress\\\/sincronizar-articulos#breadcrumb\"},\"inLanguage\":\"en-US\",\"potentialAction\":[{\"@type\":\"ReadAction\",\"target\":[\"https:\\\/\\\/www.apolonce.com\\\/portalapolonce\\\/wordpress\\\/sincronizar-articulos\"]}]},{\"@type\":\"ImageObject\",\"inLanguage\":\"en-US\",\"@id\":\"https:\\\/\\\/www.apolonce.com\\\/portalapolonce\\\/wordpress\\\/sincronizar-articulos#primaryimage\",\"url\":\"https:\\\/\\\/www.apolonce.com\\\/portalapolonce\\\/wordpress\\\/wp-content\\\/uploads\\\/2024\\\/03\\\/Sincronizar-Productos.svg\",\"contentUrl\":\"https:\\\/\\\/www.apolonce.com\\\/portalapolonce\\\/wordpress\\\/wp-content\\\/uploads\\\/2024\\\/03\\\/Sincronizar-Productos.svg\",\"width\":600,\"height\":600,\"caption\":\"Plugin para actualizar autom\u00e1ticamente los art\u00edculos de MercadoLibre en el sistema de Apolonce\"},{\"@type\":\"BreadcrumbList\",\"@id\":\"https:\\\/\\\/www.apolonce.com\\\/portalapolonce\\\/wordpress\\\/sincronizar-articulos#breadcrumb\",\"itemListElement\":[{\"@type\":\"ListItem\",\"position\":1,\"name\":\"Home\",\"item\":\"https:\\\/\\\/www.apolonce.com\\\/portalapolonce\\\/wordpress\\\/\"},{\"@type\":\"ListItem\",\"position\":2,\"name\":\"Plugins Apolonce\",\"item\":\"https:\\\/\\\/www.apolonce.com\\\/portalapolonce\\\/wordpress\\\/plugins-apolonce\"},{\"@type\":\"ListItem\",\"position\":3,\"name\":\"Sincronizar Art\u00edculos\"}]},{\"@type\":\"WebSite\",\"@id\":\"https:\\\/\\\/www.apolonce.com\\\/portalapolonce\\\/wordpress\\\/#website\",\"url\":\"https:\\\/\\\/www.apolonce.com\\\/portalapolonce\\\/wordpress\\\/\",\"name\":\"Apolonce\",\"description\":\"Plataforma para vender m&aacute;s y mejor en Mercado Libre.\",\"potentialAction\":[{\"@type\":\"SearchAction\",\"target\":{\"@type\":\"EntryPoint\",\"urlTemplate\":\"https:\\\/\\\/www.apolonce.com\\\/portalapolonce\\\/wordpress\\\/?s={search_term_string}\"},\"query-input\":{\"@type\":\"PropertyValueSpecification\",\"valueRequired\":true,\"valueName\":\"search_term_string\"}}],\"inLanguage\":\"en-US\"}]}<\/script>\n<!-- \/ Yoast SEO plugin. -->","yoast_head_json":{"title":"Sincronizar Art\u00edculos - Apolonce","robots":{"index":"index","follow":"follow","max-snippet":"max-snippet:-1","max-image-preview":"max-image-preview:large","max-video-preview":"max-video-preview:-1"},"canonical":"https:\/\/www.apolonce.com\/portalapolonce\/wordpress\/sincronizar-articulos","og_locale":"en_US","og_type":"article","og_title":"Sincronizar Art\u00edculos - Apolonce","og_description":"Un plugin para actualizar autom\u00e1ticamente los art\u00edculos de Mercado Libre en el sistema de Apolonce, es una soluci\u00f3n esencial para los vendedores y comerciantes que desean gestionar eficazmente su inventario y mantener al d\u00eda las existencias y variantes de productos.","og_url":"https:\/\/www.apolonce.com\/portalapolonce\/wordpress\/sincronizar-articulos","og_site_name":"Apolonce","article_modified_time":"2024-05-14T00:46:48+00:00","twitter_card":"summary_large_image","twitter_misc":{"Est. reading time":"1 minute"},"schema":{"@context":"https:\/\/schema.org","@graph":[{"@type":"WebPage","@id":"https:\/\/www.apolonce.com\/portalapolonce\/wordpress\/sincronizar-articulos","url":"https:\/\/www.apolonce.com\/portalapolonce\/wordpress\/sincronizar-articulos","name":"Sincronizar Art\u00edculos - Apolonce","isPartOf":{"@id":"https:\/\/www.apolonce.com\/portalapolonce\/wordpress\/#website"},"primaryImageOfPage":{"@id":"https:\/\/www.apolonce.com\/portalapolonce\/wordpress\/sincronizar-articulos#primaryimage"},"image":{"@id":"https:\/\/www.apolonce.com\/portalapolonce\/wordpress\/sincronizar-articulos#primaryimage"},"thumbnailUrl":"https:\/\/www.apolonce.com\/portalapolonce\/wordpress\/wp-content\/uploads\/2024\/03\/Sincronizar-Productos.svg","datePublished":"2024-03-25T17:49:33+00:00","dateModified":"2024-05-14T00:46:48+00:00","breadcrumb":{"@id":"https:\/\/www.apolonce.com\/portalapolonce\/wordpress\/sincronizar-articulos#breadcrumb"},"inLanguage":"en-US","potentialAction":[{"@type":"ReadAction","target":["https:\/\/www.apolonce.com\/portalapolonce\/wordpress\/sincronizar-articulos"]}]},{"@type":"ImageObject","inLanguage":"en-US","@id":"https:\/\/www.apolonce.com\/portalapolonce\/wordpress\/sincronizar-articulos#primaryimage","url":"https:\/\/www.apolonce.com\/portalapolonce\/wordpress\/wp-content\/uploads\/2024\/03\/Sincronizar-Productos.svg","contentUrl":"https:\/\/www.apolonce.com\/portalapolonce\/wordpress\/wp-content\/uploads\/2024\/03\/Sincronizar-Productos.svg","width":600,"height":600,"caption":"Plugin para actualizar autom\u00e1ticamente los art\u00edculos de MercadoLibre en el sistema de Apolonce"},{"@type":"BreadcrumbList","@id":"https:\/\/www.apolonce.com\/portalapolonce\/wordpress\/sincronizar-articulos#breadcrumb","itemListElement":[{"@type":"ListItem","position":1,"name":"Home","item":"https:\/\/www.apolonce.com\/portalapolonce\/wordpress\/"},{"@type":"ListItem","position":2,"name":"Plugins Apolonce","item":"https:\/\/www.apolonce.com\/portalapolonce\/wordpress\/plugins-apolonce"},{"@type":"ListItem","position":3,"name":"Sincronizar Art\u00edculos"}]},{"@type":"WebSite","@id":"https:\/\/www.apolonce.com\/portalapolonce\/wordpress\/#website","url":"https:\/\/www.apolonce.com\/portalapolonce\/wordpress\/","name":"Apolonce","description":"Plataforma para vender m&aacute;s y mejor en Mercado Libre.","potentialAction":[{"@type":"SearchAction","target":{"@type":"EntryPoint","urlTemplate":"https:\/\/www.apolonce.com\/portalapolonce\/wordpress\/?s={search_term_string}"},"query-input":{"@type":"PropertyValueSpecification","valueRequired":true,"valueName":"search_term_string"}}],"inLanguage":"en-US"}]}},"_links":{"self":[{"href":"https:\/\/www.apolonce.com\/portalapolonce\/wordpress\/wp-json\/wp\/v2\/product\/971","targetHints":{"allow":["GET"]}}],"collection":[{"href":"https:\/\/www.apolonce.com\/portalapolonce\/wordpress\/wp-json\/wp\/v2\/product"}],"about":[{"href":"https:\/\/www.apolonce.com\/portalapolonce\/wordpress\/wp-json\/wp\/v2\/types\/product"}],"wp:featuredmedia":[{"embeddable":true,"href":"https:\/\/www.apolonce.com\/portalapolonce\/wordpress\/wp-json\/wp\/v2\/media\/1056"}],"wp:attachment":[{"href":"https:\/\/www.apolonce.com\/portalapolonce\/wordpress\/wp-json\/wp\/v2\/media?parent=971"}],"wp:term":[{"taxonomy":"product_brand","embeddable":true,"href":"https:\/\/www.apolonce.com\/portalapolonce\/wordpress\/wp-json\/wp\/v2\/product_brand?post=971"},{"taxonomy":"product_cat","embeddable":true,"href":"https:\/\/www.apolonce.com\/portalapolonce\/wordpress\/wp-json\/wp\/v2\/product_cat?post=971"},{"taxonomy":"product_tag","embeddable":true,"href":"https:\/\/www.apolonce.com\/portalapolonce\/wordpress\/wp-json\/wp\/v2\/product_tag?post=971"}],"curies":[{"name":"wp","href":"https:\/\/api.w.org\/{rel}","templated":true}]}}