{"id":1001,"date":"2024-03-27T18:06:27","date_gmt":"2024-03-27T18:06:27","guid":{"rendered":"https:\/\/anakarisen.com\/?post_type=product&#038;p=1001"},"modified":"2024-05-17T18:38:10","modified_gmt":"2024-05-17T18:38:10","slug":"traspasos","status":"publish","type":"product","link":"https:\/\/www.apolonce.com\/portalapolonce\/wordpress\/traspasos","title":{"rendered":"Traspasos"},"content":{"rendered":"<div class=\"wpb-content-wrapper\"><p>[vc_row][vc_column width=&#8221;1\/2&#8243;][vc_column_text]Dentro del menu: &#8220;Cat\u00e1logos \/ Art\u00edculos de Mercado Libre&#8221; en este menu puede entrar al menu Existencias.<br \/>\n[\/vc_column_text][\/vc_column][vc_column width=&#8221;1\/2&#8243;][\/vc_column][\/vc_row][vc_row][vc_column width=&#8221;1\/2&#8243;][vc_column_text]Puede hacer generar un reporte de pedidos, configurar m\u00e1ximos, ver un reporte de pedidos, actualizar existencias de Mercado Libre o almac\u00e9n de tienda<br \/>\n[\/vc_column_text][\/vc_column][vc_column width=&#8221;1\/2&#8243;][\/vc_column][\/vc_row]<\/p>\n<\/div>","protected":false},"excerpt":{"rendered":"<p>Es una herramienta esencial para la gesti\u00f3n eficiente de inventario en tu negocio. Con esta poderosa extensi\u00f3n, puedes trasladar art\u00edculos de un almac\u00e9n a otro de manera r\u00e1pida y sencilla, manteniendo un control preciso de tus existencias en todo momento.<\/p>\n","protected":false},"featured_media":1039,"template":"","meta":[],"product_brand":[],"product_cat":[28],"product_tag":[],"class_list":{"0":"post-1001","1":"product","2":"type-product","3":"status-publish","4":"has-post-thumbnail","6":"product_cat-tienda-fisica","8":"first","9":"instock","10":"shipping-taxable","11":"purchasable","12":"product-type-variable","13":"thumb-no-effect","14":"prod-rating-off"},"yoast_head":"<!-- This site is optimized with the Yoast SEO plugin v27.3 - https:\/\/yoast.com\/product\/yoast-seo-wordpress\/ -->\n<title>Traspasos - Apolonce<\/title>\n<meta name=\"robots\" content=\"index, follow, max-snippet:-1, max-image-preview:large, max-video-preview:-1\" \/>\n<link rel=\"canonical\" href=\"https:\/\/www.apolonce.com\/portalapolonce\/wordpress\/traspasos\" \/>\n<meta property=\"og:locale\" content=\"en_US\" \/>\n<meta property=\"og:type\" content=\"article\" \/>\n<meta property=\"og:title\" content=\"Traspasos - Apolonce\" \/>\n<meta property=\"og:description\" content=\"Es una herramienta esencial para la gesti\u00f3n eficiente de inventario en tu negocio. Con esta poderosa extensi\u00f3n, puedes trasladar art\u00edculos de un almac\u00e9n a otro de manera r\u00e1pida y sencilla, manteniendo un control preciso de tus existencias en todo momento.\" \/>\n<meta property=\"og:url\" content=\"https:\/\/www.apolonce.com\/portalapolonce\/wordpress\/traspasos\" \/>\n<meta property=\"og:site_name\" content=\"Apolonce\" \/>\n<meta property=\"article:modified_time\" content=\"2024-05-17T18:38:10+00:00\" \/>\n<meta name=\"twitter:card\" content=\"summary_large_image\" \/>\n<meta name=\"twitter:label1\" content=\"Est. reading time\" \/>\n\t<meta name=\"twitter:data1\" content=\"1 minute\" \/>\n<script type=\"application\/ld+json\" class=\"yoast-schema-graph\">{\"@context\":\"https:\\\/\\\/schema.org\",\"@graph\":[{\"@type\":\"WebPage\",\"@id\":\"https:\\\/\\\/www.apolonce.com\\\/portalapolonce\\\/wordpress\\\/traspasos\",\"url\":\"https:\\\/\\\/www.apolonce.com\\\/portalapolonce\\\/wordpress\\\/traspasos\",\"name\":\"Traspasos - Apolonce\",\"isPartOf\":{\"@id\":\"https:\\\/\\\/www.apolonce.com\\\/portalapolonce\\\/wordpress\\\/#website\"},\"primaryImageOfPage\":{\"@id\":\"https:\\\/\\\/www.apolonce.com\\\/portalapolonce\\\/wordpress\\\/traspasos#primaryimage\"},\"image\":{\"@id\":\"https:\\\/\\\/www.apolonce.com\\\/portalapolonce\\\/wordpress\\\/traspasos#primaryimage\"},\"thumbnailUrl\":\"https:\\\/\\\/www.apolonce.com\\\/portalapolonce\\\/wordpress\\\/wp-content\\\/uploads\\\/2024\\\/03\\\/Traspasos.svg\",\"datePublished\":\"2024-03-27T18:06:27+00:00\",\"dateModified\":\"2024-05-17T18:38:10+00:00\",\"breadcrumb\":{\"@id\":\"https:\\\/\\\/www.apolonce.com\\\/portalapolonce\\\/wordpress\\\/traspasos#breadcrumb\"},\"inLanguage\":\"en-US\",\"potentialAction\":[{\"@type\":\"ReadAction\",\"target\":[\"https:\\\/\\\/www.apolonce.com\\\/portalapolonce\\\/wordpress\\\/traspasos\"]}]},{\"@type\":\"ImageObject\",\"inLanguage\":\"en-US\",\"@id\":\"https:\\\/\\\/www.apolonce.com\\\/portalapolonce\\\/wordpress\\\/traspasos#primaryimage\",\"url\":\"https:\\\/\\\/www.apolonce.com\\\/portalapolonce\\\/wordpress\\\/wp-content\\\/uploads\\\/2024\\\/03\\\/Traspasos.svg\",\"contentUrl\":\"https:\\\/\\\/www.apolonce.com\\\/portalapolonce\\\/wordpress\\\/wp-content\\\/uploads\\\/2024\\\/03\\\/Traspasos.svg\",\"width\":600,\"height\":600,\"caption\":\"Plugin para trasladar art\u00edculos de un almac\u00e9n a otro de manera r\u00e1pida y sencilla, manteniendo un control preciso de tus existencias en todo momento.\"},{\"@type\":\"BreadcrumbList\",\"@id\":\"https:\\\/\\\/www.apolonce.com\\\/portalapolonce\\\/wordpress\\\/traspasos#breadcrumb\",\"itemListElement\":[{\"@type\":\"ListItem\",\"position\":1,\"name\":\"Home\",\"item\":\"https:\\\/\\\/www.apolonce.com\\\/portalapolonce\\\/wordpress\\\/\"},{\"@type\":\"ListItem\",\"position\":2,\"name\":\"Plugins Apolonce\",\"item\":\"https:\\\/\\\/www.apolonce.com\\\/portalapolonce\\\/wordpress\\\/plugins-apolonce\"},{\"@type\":\"ListItem\",\"position\":3,\"name\":\"Traspasos\"}]},{\"@type\":\"WebSite\",\"@id\":\"https:\\\/\\\/www.apolonce.com\\\/portalapolonce\\\/wordpress\\\/#website\",\"url\":\"https:\\\/\\\/www.apolonce.com\\\/portalapolonce\\\/wordpress\\\/\",\"name\":\"Apolonce\",\"description\":\"Plataforma para vender m&aacute;s y mejor en Mercado Libre.\",\"potentialAction\":[{\"@type\":\"SearchAction\",\"target\":{\"@type\":\"EntryPoint\",\"urlTemplate\":\"https:\\\/\\\/www.apolonce.com\\\/portalapolonce\\\/wordpress\\\/?s={search_term_string}\"},\"query-input\":{\"@type\":\"PropertyValueSpecification\",\"valueRequired\":true,\"valueName\":\"search_term_string\"}}],\"inLanguage\":\"en-US\"}]}<\/script>\n<!-- \/ Yoast SEO plugin. -->","yoast_head_json":{"title":"Traspasos - Apolonce","robots":{"index":"index","follow":"follow","max-snippet":"max-snippet:-1","max-image-preview":"max-image-preview:large","max-video-preview":"max-video-preview:-1"},"canonical":"https:\/\/www.apolonce.com\/portalapolonce\/wordpress\/traspasos","og_locale":"en_US","og_type":"article","og_title":"Traspasos - Apolonce","og_description":"Es una herramienta esencial para la gesti\u00f3n eficiente de inventario en tu negocio. Con esta poderosa extensi\u00f3n, puedes trasladar art\u00edculos de un almac\u00e9n a otro de manera r\u00e1pida y sencilla, manteniendo un control preciso de tus existencias en todo momento.","og_url":"https:\/\/www.apolonce.com\/portalapolonce\/wordpress\/traspasos","og_site_name":"Apolonce","article_modified_time":"2024-05-17T18:38:10+00:00","twitter_card":"summary_large_image","twitter_misc":{"Est. reading time":"1 minute"},"schema":{"@context":"https:\/\/schema.org","@graph":[{"@type":"WebPage","@id":"https:\/\/www.apolonce.com\/portalapolonce\/wordpress\/traspasos","url":"https:\/\/www.apolonce.com\/portalapolonce\/wordpress\/traspasos","name":"Traspasos - Apolonce","isPartOf":{"@id":"https:\/\/www.apolonce.com\/portalapolonce\/wordpress\/#website"},"primaryImageOfPage":{"@id":"https:\/\/www.apolonce.com\/portalapolonce\/wordpress\/traspasos#primaryimage"},"image":{"@id":"https:\/\/www.apolonce.com\/portalapolonce\/wordpress\/traspasos#primaryimage"},"thumbnailUrl":"https:\/\/www.apolonce.com\/portalapolonce\/wordpress\/wp-content\/uploads\/2024\/03\/Traspasos.svg","datePublished":"2024-03-27T18:06:27+00:00","dateModified":"2024-05-17T18:38:10+00:00","breadcrumb":{"@id":"https:\/\/www.apolonce.com\/portalapolonce\/wordpress\/traspasos#breadcrumb"},"inLanguage":"en-US","potentialAction":[{"@type":"ReadAction","target":["https:\/\/www.apolonce.com\/portalapolonce\/wordpress\/traspasos"]}]},{"@type":"ImageObject","inLanguage":"en-US","@id":"https:\/\/www.apolonce.com\/portalapolonce\/wordpress\/traspasos#primaryimage","url":"https:\/\/www.apolonce.com\/portalapolonce\/wordpress\/wp-content\/uploads\/2024\/03\/Traspasos.svg","contentUrl":"https:\/\/www.apolonce.com\/portalapolonce\/wordpress\/wp-content\/uploads\/2024\/03\/Traspasos.svg","width":600,"height":600,"caption":"Plugin para trasladar art\u00edculos de un almac\u00e9n a otro de manera r\u00e1pida y sencilla, manteniendo un control preciso de tus existencias en todo momento."},{"@type":"BreadcrumbList","@id":"https:\/\/www.apolonce.com\/portalapolonce\/wordpress\/traspasos#breadcrumb","itemListElement":[{"@type":"ListItem","position":1,"name":"Home","item":"https:\/\/www.apolonce.com\/portalapolonce\/wordpress\/"},{"@type":"ListItem","position":2,"name":"Plugins Apolonce","item":"https:\/\/www.apolonce.com\/portalapolonce\/wordpress\/plugins-apolonce"},{"@type":"ListItem","position":3,"name":"Traspasos"}]},{"@type":"WebSite","@id":"https:\/\/www.apolonce.com\/portalapolonce\/wordpress\/#website","url":"https:\/\/www.apolonce.com\/portalapolonce\/wordpress\/","name":"Apolonce","description":"Plataforma para vender m&aacute;s y mejor en Mercado Libre.","potentialAction":[{"@type":"SearchAction","target":{"@type":"EntryPoint","urlTemplate":"https:\/\/www.apolonce.com\/portalapolonce\/wordpress\/?s={search_term_string}"},"query-input":{"@type":"PropertyValueSpecification","valueRequired":true,"valueName":"search_term_string"}}],"inLanguage":"en-US"}]}},"_links":{"self":[{"href":"https:\/\/www.apolonce.com\/portalapolonce\/wordpress\/wp-json\/wp\/v2\/product\/1001","targetHints":{"allow":["GET"]}}],"collection":[{"href":"https:\/\/www.apolonce.com\/portalapolonce\/wordpress\/wp-json\/wp\/v2\/product"}],"about":[{"href":"https:\/\/www.apolonce.com\/portalapolonce\/wordpress\/wp-json\/wp\/v2\/types\/product"}],"wp:featuredmedia":[{"embeddable":true,"href":"https:\/\/www.apolonce.com\/portalapolonce\/wordpress\/wp-json\/wp\/v2\/media\/1039"}],"wp:attachment":[{"href":"https:\/\/www.apolonce.com\/portalapolonce\/wordpress\/wp-json\/wp\/v2\/media?parent=1001"}],"wp:term":[{"taxonomy":"product_brand","embeddable":true,"href":"https:\/\/www.apolonce.com\/portalapolonce\/wordpress\/wp-json\/wp\/v2\/product_brand?post=1001"},{"taxonomy":"product_cat","embeddable":true,"href":"https:\/\/www.apolonce.com\/portalapolonce\/wordpress\/wp-json\/wp\/v2\/product_cat?post=1001"},{"taxonomy":"product_tag","embeddable":true,"href":"https:\/\/www.apolonce.com\/portalapolonce\/wordpress\/wp-json\/wp\/v2\/product_tag?post=1001"}],"curies":[{"name":"wp","href":"https:\/\/api.w.org\/{rel}","templated":true}]}}