{"id":415,"date":"2023-06-01T13:46:30","date_gmt":"2023-06-01T19:46:30","guid":{"rendered":"http:\/\/beaver.mx\/?page_id=415"},"modified":"2024-06-25T18:40:04","modified_gmt":"2024-06-25T18:40:04","slug":"politica-de-devoluciones","status":"publish","type":"page","link":"https:\/\/www.apolonce.com\/portalapolonce\/wordpress\/politica-de-devoluciones","title":{"rendered":"Pol\u00edtica de devoluciones"},"content":{"rendered":"<div class=\"wpb-content-wrapper\"><p>[vc_row full_width=&#8221;stretch_row_content_no_spaces&#8221; parallax=&#8221;content-moving&#8221; css=&#8221;.vc_custom_1710974974905{padding-top: 150px !important;background-image: url(https:\/\/www.apolonce.com\/portalapolonce\/wordpress\/wp-content\/uploads\/2024\/03\/bg-apolonce-titles.svg?id=841) !important;background-position: center;background-repeat: no-repeat !important;background-size: cover !important;}&#8221;][vc_column][vc_column_text]<\/p>\n<h1 class=\"page-title-h1\">Pol\u00edtica de devoluciones<\/h1>\n<p>[\/vc_column_text][vc_single_image image=&#8221;827&#8243; img_size=&#8221;full&#8221; alignment=&#8221;center&#8221; css=&#8221;.vc_custom_1710974983083{margin-bottom: 0px !important;padding-bottom: 0px !important;}&#8221;][\/vc_column][\/vc_row][vc_row css=&#8221;.vc_custom_1685663928960{padding-top: 80px !important;padding-bottom: 80px !important;}&#8221;][vc_column][vc_column_text]<\/p>\n<h2 class=\"txtcenter\">Nuestra pol\u00edtica<\/h2>\n<p>[\/vc_column_text][vc_empty_space][vc_column_text css_animation=&#8221;fadeInUp&#8221;]<\/p>\n<p class=\"justify\">Apolonce SA de CV, tiene la siguiente pol\u00edtica de devoluciones, por cancelaciones en productos (timbres fiscales) o servicios (sistemas, soporte o desarrollo).<\/p>\n<p>[\/vc_column_text][vc_column_text css_animation=&#8221;fadeInUp&#8221;]<\/p>\n<p class=\"justify\">En caso de productos como timbres fiscales, se puede hacer la devoluci\u00f3n del pago de los mismos, en cualquiera de los paquetes ofrecidos, sobre el prorrateo de los timbres no ocupados por el cliente, siempre y cuando el plazo no exceda a los 30 d\u00edas naturales, de haber realizado la compra.<\/p>\n<p>[\/vc_column_text][vc_column_text css_animation=&#8221;fadeInUp&#8221;]<\/p>\n<p class=\"justify\">En caso de servicios, como la renta mensual por alguno de los sistemas (LITE, HALF o FULL), el cliente puede solicitar la devoluci\u00f3n de su pago, antes de los 7 (siete) d\u00edas posteriores a su contrataci\u00f3n. Dicha contrataci\u00f3n puede ser realizada, despu\u00e9s de los 30 d\u00edas de uso gratuito.<\/p>\n<p>[\/vc_column_text][vc_column_text css_animation=&#8221;fadeInUp&#8221;]<\/p>\n<p class=\"justify\">En caso de renta anual, solo se podr\u00e1 realizar la cancelaci\u00f3n del servicio en los primero 30 d\u00edas naturales a partir de la contrataci\u00f3n, siendo devuelta la diferencia, del pago anual menos una renta mensual a precio regular.<\/p>\n<p>[\/vc_column_text][vc_column_text css_animation=&#8221;fadeInUp&#8221;]<\/p>\n<p class=\"justify\">Estas pol\u00edticas son v\u00e1lidas solo en compras directas con Apolonce SA de CV. Cualquier compra hecha o facturada a trav\u00e9s de un tercero son responsabilidad del tercero, y no podr\u00e1n ser reclamadas a Apolonce SA de CV.<\/p>\n<p>[\/vc_column_text][vc_column_text css_animation=&#8221;fadeInUp&#8221;]<\/p>\n<p class=\"justify\">Cada solicitud debe de ser por correo a <a href=\"mailto:sistemas@apolonce.com\">sistemas@apolonce.com<\/a><\/p>\n<p>[\/vc_column_text][vc_column_text css_animation=&#8221;fadeInUp&#8221;]<\/p>\n<p class=\"justify\">El tiempo m\u00e1ximo de respuesta a su solicitud, es de 3 d\u00edas h\u00e1biles.<\/p>\n<p>[\/vc_column_text][vc_column_text css_animation=&#8221;fadeInUp&#8221;]<\/p>\n<p class=\"justify\">El tiempo m\u00e1ximo para realizar una devoluci\u00f3n, es de 3 d\u00edas h\u00e1biles a partir de haber sido procedente la solicitud y confirmada la misma por correo electr\u00f3nico. Dicho plazo corresponde a nuestro aviso o instrucci\u00f3n al intermediario de pago (Mercado Pago, PayPal, etc.) o instituci\u00f3n bancaria; los cuales tendr\u00e1n a su criterio y procesos, tiempos ajenos a nosotros para proceder con la devoluci\u00f3n.<\/p>\n<p>[\/vc_column_text][\/vc_column][\/vc_row]<\/p>\n<\/div>","protected":false},"excerpt":{"rendered":"<p>[vc_row full_width=&#8221;stretch_row_content_no_spaces&#8221; parallax=&#8221;content-moving&#8221; css=&#8221;.vc_custom_1710974974905{padding-top: 150px !important;background-image: url(https:\/\/www.apolonce.com\/portalapolonce\/wordpress\/wp-content\/uploads\/2024\/03\/bg-apolonce-titles.svg?id=841) !important;background-position: center;background-repeat: no-repeat !important;background-size: cover !important;}&#8221;][vc_column][vc_column_text] Pol\u00edtica de devoluciones [\/vc_column_text][vc_single_image image=&#8221;827&#8243; img_size=&#8221;full&#8221; alignment=&#8221;center&#8221; css=&#8221;.vc_custom_1710974983083{margin-bottom: 0px !important;padding-bottom: 0px !important;}&#8221;][\/vc_column][\/vc_row][vc_row css=&#8221;.vc_custom_1685663928960{padding-top: 80px !important;padding-bottom: 80px !important;}&#8221;][vc_column][vc_column_text] Nuestra pol\u00edtica [\/vc_column_text][vc_empty_space][vc_column_text css_animation=&#8221;fadeInUp&#8221;] Apolonce SA de CV, tiene la siguiente pol\u00edtica de devoluciones, por cancelaciones en productos (timbres fiscales) o servicios (sistemas, soporte o desarrollo). [\/vc_column_text][vc_column_text css_animation=&#8221;fadeInUp&#8221;] En caso&hellip;<\/p>\n","protected":false},"author":1,"featured_media":0,"parent":0,"menu_order":7,"comment_status":"closed","ping_status":"closed","template":"","meta":{"footnotes":""},"categories":[],"tags":[],"class_list":["post-415","page","type-page","status-publish","hentry"],"yoast_head":"<!-- This site is optimized with the Yoast SEO plugin v27.4 - https:\/\/yoast.com\/product\/yoast-seo-wordpress\/ -->\n<title>Pol\u00edtica de devoluciones - Apolonce<\/title>\n<meta name=\"robots\" content=\"index, follow, max-snippet:-1, max-image-preview:large, max-video-preview:-1\" \/>\n<link rel=\"canonical\" href=\"https:\/\/www.apolonce.com\/portalapolonce\/wordpress\/politica-de-devoluciones\" \/>\n<meta property=\"og:locale\" content=\"en_US\" \/>\n<meta property=\"og:type\" content=\"article\" \/>\n<meta property=\"og:title\" content=\"Pol\u00edtica de devoluciones - Apolonce\" \/>\n<meta property=\"og:description\" content=\"[vc_row full_width=&#8221;stretch_row_content_no_spaces&#8221; parallax=&#8221;content-moving&#8221; css=&#8221;.vc_custom_1710974974905{padding-top: 150px !important;background-image: url(https:\/\/www.apolonce.com\/portalapolonce\/wordpress\/wp-content\/uploads\/2024\/03\/bg-apolonce-titles.svg?id=841) !important;background-position: center;background-repeat: no-repeat !important;background-size: cover !important;}&#8221;][vc_column][vc_column_text] Pol\u00edtica de devoluciones [\/vc_column_text][vc_single_image image=&#8221;827&#8243; img_size=&#8221;full&#8221; alignment=&#8221;center&#8221; css=&#8221;.vc_custom_1710974983083{margin-bottom: 0px !important;padding-bottom: 0px !important;}&#8221;][\/vc_column][\/vc_row][vc_row css=&#8221;.vc_custom_1685663928960{padding-top: 80px !important;padding-bottom: 80px !important;}&#8221;][vc_column][vc_column_text] Nuestra pol\u00edtica [\/vc_column_text][vc_empty_space][vc_column_text css_animation=&#8221;fadeInUp&#8221;] Apolonce SA de CV, tiene la siguiente pol\u00edtica de devoluciones, por cancelaciones en productos (timbres fiscales) o servicios (sistemas, soporte o desarrollo). [\/vc_column_text][vc_column_text css_animation=&#8221;fadeInUp&#8221;] En caso&hellip;\" \/>\n<meta property=\"og:url\" content=\"https:\/\/www.apolonce.com\/portalapolonce\/wordpress\/politica-de-devoluciones\" \/>\n<meta property=\"og:site_name\" content=\"Apolonce\" \/>\n<meta property=\"article:modified_time\" content=\"2024-06-25T18:40:04+00:00\" \/>\n<meta name=\"twitter:card\" content=\"summary_large_image\" \/>\n<meta name=\"twitter:label1\" content=\"Est. reading time\" \/>\n\t<meta name=\"twitter:data1\" content=\"2 minutes\" \/>\n<script type=\"application\/ld+json\" class=\"yoast-schema-graph\">{\"@context\":\"https:\\\/\\\/schema.org\",\"@graph\":[{\"@type\":\"WebPage\",\"@id\":\"https:\\\/\\\/www.apolonce.com\\\/portalapolonce\\\/wordpress\\\/politica-de-devoluciones\",\"url\":\"https:\\\/\\\/www.apolonce.com\\\/portalapolonce\\\/wordpress\\\/politica-de-devoluciones\",\"name\":\"Pol\u00edtica de devoluciones - Apolonce\",\"isPartOf\":{\"@id\":\"https:\\\/\\\/www.apolonce.com\\\/portalapolonce\\\/wordpress\\\/#website\"},\"datePublished\":\"2023-06-01T19:46:30+00:00\",\"dateModified\":\"2024-06-25T18:40:04+00:00\",\"breadcrumb\":{\"@id\":\"https:\\\/\\\/www.apolonce.com\\\/portalapolonce\\\/wordpress\\\/politica-de-devoluciones#breadcrumb\"},\"inLanguage\":\"en-US\",\"potentialAction\":[{\"@type\":\"ReadAction\",\"target\":[\"https:\\\/\\\/www.apolonce.com\\\/portalapolonce\\\/wordpress\\\/politica-de-devoluciones\"]}]},{\"@type\":\"BreadcrumbList\",\"@id\":\"https:\\\/\\\/www.apolonce.com\\\/portalapolonce\\\/wordpress\\\/politica-de-devoluciones#breadcrumb\",\"itemListElement\":[{\"@type\":\"ListItem\",\"position\":1,\"name\":\"Home\",\"item\":\"https:\\\/\\\/www.apolonce.com\\\/portalapolonce\\\/wordpress\\\/\"},{\"@type\":\"ListItem\",\"position\":2,\"name\":\"Pol\u00edtica de devoluciones\"}]},{\"@type\":\"WebSite\",\"@id\":\"https:\\\/\\\/www.apolonce.com\\\/portalapolonce\\\/wordpress\\\/#website\",\"url\":\"https:\\\/\\\/www.apolonce.com\\\/portalapolonce\\\/wordpress\\\/\",\"name\":\"Apolonce\",\"description\":\"Plataforma para vender m&aacute;s y mejor en Mercado Libre.\",\"potentialAction\":[{\"@type\":\"SearchAction\",\"target\":{\"@type\":\"EntryPoint\",\"urlTemplate\":\"https:\\\/\\\/www.apolonce.com\\\/portalapolonce\\\/wordpress\\\/?s={search_term_string}\"},\"query-input\":{\"@type\":\"PropertyValueSpecification\",\"valueRequired\":true,\"valueName\":\"search_term_string\"}}],\"inLanguage\":\"en-US\"}]}<\/script>\n<!-- \/ Yoast SEO plugin. -->","yoast_head_json":{"title":"Pol\u00edtica de devoluciones - Apolonce","robots":{"index":"index","follow":"follow","max-snippet":"max-snippet:-1","max-image-preview":"max-image-preview:large","max-video-preview":"max-video-preview:-1"},"canonical":"https:\/\/www.apolonce.com\/portalapolonce\/wordpress\/politica-de-devoluciones","og_locale":"en_US","og_type":"article","og_title":"Pol\u00edtica de devoluciones - Apolonce","og_description":"[vc_row full_width=&#8221;stretch_row_content_no_spaces&#8221; parallax=&#8221;content-moving&#8221; css=&#8221;.vc_custom_1710974974905{padding-top: 150px !important;background-image: url(https:\/\/www.apolonce.com\/portalapolonce\/wordpress\/wp-content\/uploads\/2024\/03\/bg-apolonce-titles.svg?id=841) !important;background-position: center;background-repeat: no-repeat !important;background-size: cover !important;}&#8221;][vc_column][vc_column_text] Pol\u00edtica de devoluciones [\/vc_column_text][vc_single_image image=&#8221;827&#8243; img_size=&#8221;full&#8221; alignment=&#8221;center&#8221; css=&#8221;.vc_custom_1710974983083{margin-bottom: 0px !important;padding-bottom: 0px !important;}&#8221;][\/vc_column][\/vc_row][vc_row css=&#8221;.vc_custom_1685663928960{padding-top: 80px !important;padding-bottom: 80px !important;}&#8221;][vc_column][vc_column_text] Nuestra pol\u00edtica [\/vc_column_text][vc_empty_space][vc_column_text css_animation=&#8221;fadeInUp&#8221;] Apolonce SA de CV, tiene la siguiente pol\u00edtica de devoluciones, por cancelaciones en productos (timbres fiscales) o servicios (sistemas, soporte o desarrollo). [\/vc_column_text][vc_column_text css_animation=&#8221;fadeInUp&#8221;] En caso&hellip;","og_url":"https:\/\/www.apolonce.com\/portalapolonce\/wordpress\/politica-de-devoluciones","og_site_name":"Apolonce","article_modified_time":"2024-06-25T18:40:04+00:00","twitter_card":"summary_large_image","twitter_misc":{"Est. reading time":"2 minutes"},"schema":{"@context":"https:\/\/schema.org","@graph":[{"@type":"WebPage","@id":"https:\/\/www.apolonce.com\/portalapolonce\/wordpress\/politica-de-devoluciones","url":"https:\/\/www.apolonce.com\/portalapolonce\/wordpress\/politica-de-devoluciones","name":"Pol\u00edtica de devoluciones - Apolonce","isPartOf":{"@id":"https:\/\/www.apolonce.com\/portalapolonce\/wordpress\/#website"},"datePublished":"2023-06-01T19:46:30+00:00","dateModified":"2024-06-25T18:40:04+00:00","breadcrumb":{"@id":"https:\/\/www.apolonce.com\/portalapolonce\/wordpress\/politica-de-devoluciones#breadcrumb"},"inLanguage":"en-US","potentialAction":[{"@type":"ReadAction","target":["https:\/\/www.apolonce.com\/portalapolonce\/wordpress\/politica-de-devoluciones"]}]},{"@type":"BreadcrumbList","@id":"https:\/\/www.apolonce.com\/portalapolonce\/wordpress\/politica-de-devoluciones#breadcrumb","itemListElement":[{"@type":"ListItem","position":1,"name":"Home","item":"https:\/\/www.apolonce.com\/portalapolonce\/wordpress\/"},{"@type":"ListItem","position":2,"name":"Pol\u00edtica de devoluciones"}]},{"@type":"WebSite","@id":"https:\/\/www.apolonce.com\/portalapolonce\/wordpress\/#website","url":"https:\/\/www.apolonce.com\/portalapolonce\/wordpress\/","name":"Apolonce","description":"Plataforma para vender m&aacute;s y mejor en Mercado Libre.","potentialAction":[{"@type":"SearchAction","target":{"@type":"EntryPoint","urlTemplate":"https:\/\/www.apolonce.com\/portalapolonce\/wordpress\/?s={search_term_string}"},"query-input":{"@type":"PropertyValueSpecification","valueRequired":true,"valueName":"search_term_string"}}],"inLanguage":"en-US"}]}},"_links":{"self":[{"href":"https:\/\/www.apolonce.com\/portalapolonce\/wordpress\/wp-json\/wp\/v2\/pages\/415","targetHints":{"allow":["GET"]}}],"collection":[{"href":"https:\/\/www.apolonce.com\/portalapolonce\/wordpress\/wp-json\/wp\/v2\/pages"}],"about":[{"href":"https:\/\/www.apolonce.com\/portalapolonce\/wordpress\/wp-json\/wp\/v2\/types\/page"}],"author":[{"embeddable":true,"href":"https:\/\/www.apolonce.com\/portalapolonce\/wordpress\/wp-json\/wp\/v2\/users\/1"}],"replies":[{"embeddable":true,"href":"https:\/\/www.apolonce.com\/portalapolonce\/wordpress\/wp-json\/wp\/v2\/comments?post=415"}],"version-history":[{"count":2,"href":"https:\/\/www.apolonce.com\/portalapolonce\/wordpress\/wp-json\/wp\/v2\/pages\/415\/revisions"}],"predecessor-version":[{"id":1422,"href":"https:\/\/www.apolonce.com\/portalapolonce\/wordpress\/wp-json\/wp\/v2\/pages\/415\/revisions\/1422"}],"wp:attachment":[{"href":"https:\/\/www.apolonce.com\/portalapolonce\/wordpress\/wp-json\/wp\/v2\/media?parent=415"}],"wp:term":[{"taxonomy":"category","embeddable":true,"href":"https:\/\/www.apolonce.com\/portalapolonce\/wordpress\/wp-json\/wp\/v2\/categories?post=415"},{"taxonomy":"post_tag","embeddable":true,"href":"https:\/\/www.apolonce.com\/portalapolonce\/wordpress\/wp-json\/wp\/v2\/tags?post=415"}],"curies":[{"name":"wp","href":"https:\/\/api.w.org\/{rel}","templated":true}]}}